{"id":18180,"date":"2024-12-17T12:50:58","date_gmt":"2024-12-17T10:50:58","guid":{"rendered":"https:\/\/deutsche-recycling.com\/?page_id=18180"},"modified":"2024-12-19T14:51:40","modified_gmt":"2024-12-19T12:51:40","slug":"numero-di-registrazione-epr","status":"publish","type":"page","link":"https:\/\/deutsche-recycling.com\/it\/numero-di-registrazione-epr\/","title":{"rendered":"Numero di registrazione EPR"},"content":{"rendered":"<div class=\"wpb-content-wrapper\"><p>[vc_row full_width=&#8221;stretch_row&#8221; content_placement=&#8221;bottom&#8221; bg_type=&#8221;bg_color&#8221; bg_color_value=&#8221;rgba(255,255,255,0.95)&#8221;][vc_column css=&#8221;.vc_custom_1554711154878{margin-bottom: 0px !important;padding-bottom: 0px !important;}&#8221;][vc_column_text css=&#8221;&#8221;]<a href=\"https:\/\/deutsche-recycling.com\/\">torna alla homepage<\/a>[\/vc_column_text][\/vc_column][\/vc_row][vc_row bg_type=&#8221;bg_color&#8221; bg_color_value=&#8221;rgba(255,255,255,0.95)&#8221;][vc_column width=&#8221;1\/2&#8243;][vc_column_text css=&#8221;&#8221;]<\/p>\n<h1>Richiedi la registrazione EPR<\/h1>\n<p>[\/vc_column_text][vc_column_text css=&#8221;&#8221;]<strong>Conformit\u00e0 ambientale per il tuo business, senza pensieri.<\/strong><\/p>\n<p>Identifichiamo i prodotti che richiedono la registrazione EPR in diverse categorie. Ci occupiamo di tutte le autorizzazioni necessarie, ovunque si trovi la tua azienda, garantendo la tua conformit\u00e0 ambientale in ogni fase.[\/vc_column_text][vc_btn title=&#8221;Contattaci per Registrarti&#8221; style=&#8221;custom&#8221; custom_background=&#8221;#00baf0&#8243; custom_text=&#8221;#ffffff&#8221; css=&#8221;&#8221; link=&#8221;url:%23footer&#8221;][\/vc_column][vc_column width=&#8221;1\/2&#8243;][vc_single_image image=&#8221;17598&#8243; img_size=&#8221;full&#8221; alignment=&#8221;center&#8221;][\/vc_column][\/vc_row][vc_row full_width=&#8221;stretch_row&#8221; bg_type=&#8221;bg_color&#8221; bg_color_value=&#8221;#F4F4F4&#8243;][vc_column width=&#8221;1\/6&#8243;][vc_single_image image=&#8221;17799&#8243; img_size=&#8221;full&#8221; alignment=&#8221;center&#8221; css=&#8221;&#8221;][\/vc_column][vc_column width=&#8221;2\/3&#8243;][vc_column_text css=&#8221;&#8221;]<\/p>\n<h2>La Responsabilit\u00e0 Estesa del Produttore (EPR)<\/h2>\n<p>[\/vc_column_text][vc_column_text css=&#8221;&#8221;]La Responsabilit\u00e0 Estesa del Produttore (EPR) \u00e8 un principio legale che rende i produttori responsabili dell&#8217;intero ciclo di vita dei prodotti che immettono sul mercato. Da quando il prodotto viene progettato fino al momento in cui diventa obsoleto e viene smaltito come rifiuto riciclabile, il produttore deve ridurre al minimo l&#8217;impatto ambientale di ogni fase.[\/vc_column_text][vc_column_text css=&#8221;&#8221;]<\/p>\n<h3>Perch\u00e9 \u00e8 importante la registrazione EPR?<\/h3>\n<p>[\/vc_column_text][vc_column_text css=&#8221;&#8221;]Grandi rivenditori online come Amazon hanno annunciato che monitoreranno pi\u00f9 attentamente la conformit\u00e0 al Numero di Registrazione EPR. Questo numero deve essere fornito sul prodotto (o tramite un sito web) per dimostrare la conformit\u00e0 alle normative. La registrazione EPR \u00e8 fondamentale per evitare blocchi su piattaforme come Amazon.[\/vc_column_text][\/vc_column][vc_column width=&#8221;1\/6&#8243;][\/vc_column][\/vc_row][vc_row full_width=&#8221;stretch_row&#8221; content_placement=&#8221;bottom&#8221; bg_type=&#8221;bg_color&#8221; bg_color_value=&#8221;rgba(255,255,255,0.95)&#8221;][vc_column width=&#8221;1\/6&#8243; css=&#8221;.vc_custom_1554711154878{margin-bottom: 0px !important;padding-bottom: 0px !important;}&#8221;][\/vc_column][vc_column width=&#8221;2\/3&#8243;][vc_column_text css=&#8221;&#8221;]<\/p>\n<h2>Cosa devi fare per vendere sui marketplace online?<\/h2>\n<p>[\/vc_column_text][vc_column_text css=&#8221;&#8221;]Se sei un produttore, devi richiedere un Numero di Registrazione EPR per ogni prodotto venduto online. Se non sei il produttore, ma vendi prodotti soggetti a EPR, devi ottenere il Numero di Registrazione dal tuo fornitore e pubblicarlo per dimostrare la conformit\u00e0.<\/p>\n<p>Se il tuo fornitore non ti fornisce il Numero di Registrazione, dovrai registrare tu stesso il prodotto presso le autorit\u00e0 competenti.[\/vc_column_text][vc_btn title=&#8221;Parla con un esperto&#8221; style=&#8221;custom&#8221; custom_background=&#8221;#00baf0&#8243; custom_text=&#8221;#ffffff&#8221; align=&#8221;center&#8221; css=&#8221;&#8221; link=&#8221;url:%23footer&#8221;][\/vc_column][vc_column width=&#8221;1\/6&#8243;][\/vc_column][\/vc_row][vc_row full_width=&#8221;stretch_row&#8221; content_placement=&#8221;bottom&#8221; bg_type=&#8221;bg_color&#8221; bg_color_value=&#8221;rgba(255,255,255,0.95)&#8221;][vc_column css=&#8221;.vc_custom_1554711154878{margin-bottom: 0px !important;padding-bottom: 0px !important;}&#8221;]<div class=\"ult-spacer spacer-69d18ffac0d44\" data-id=\"69d18ffac0d44\" data-height=\"40\" data-height-mobile=\"40\" data-height-tab=\"40\" data-height-tab-portrait=\"\" data-height-mobile-landscape=\"\" style=\"clear:both;display:block;\"><\/div>[\/vc_column][\/vc_row][vc_row full_width=&#8221;stretch_row&#8221; content_placement=&#8221;bottom&#8221; bg_type=&#8221;bg_color&#8221; bg_color_value=&#8221;rgba(255,255,255,0.95)&#8221;][vc_column width=&#8221;2\/3&#8243; css=&#8221;.vc_custom_1734430684078{margin-bottom: 0px !important;padding-bottom: 0px !important;}&#8221;][vc_column_text css=&#8221;&#8221;]<\/p>\n<h2>Supporto professionale per tutti i produttori<\/h2>\n<p>[\/vc_column_text][vc_column_text css=&#8221;&#8221;]Siamo specializzati nell&#8217;assistere i produttori che operano nel mercato europeo, supportando nella registrazione EPR dei loro prodotti e a soddisfare tutti i requisiti ambientali. Con noi, otterrai rapidamente il tuo Numero di Registrazione EPR in modo sicuro e conforme.[\/vc_column_text]<div class=\"standard-arrow list-divider bullet-top\"><p><strong>I nostri servizi includono:<\/strong><\/p>\n<ul>\n<li>Identificazione dei prodotti che richiedono la registrazione EPR.<\/li>\n<li>Ottenimento di tutte le autorizzazioni necessarie, indipendentemente dalla sede della tua azienda.<\/li>\n<li>Verifica della conformit\u00e0 ambientale della tua azienda.<\/li>\n<li>Supporto completo, dalla registrazione alla gestione dei rifiuti.<\/li>\n<\/ul>\n<\/div>[\/vc_column][vc_column width=&#8221;1\/3&#8243;][vc_single_image image=&#8221;18190&#8243; img_size=&#8221;full&#8221; alignment=&#8221;right&#8221; css=&#8221;&#8221;][\/vc_column][\/vc_row][vc_row full_width=&#8221;stretch_row&#8221; content_placement=&#8221;bottom&#8221; bg_type=&#8221;bg_color&#8221; bg_color_value=&#8221;rgba(255,255,255,0.95)&#8221;][vc_column css=&#8221;.vc_custom_1554711154878{margin-bottom: 0px !important;padding-bottom: 0px !important;}&#8221;]<div class=\"ult-spacer spacer-69d18ffac0deb\" data-id=\"69d18ffac0deb\" data-height=\"40\" data-height-mobile=\"40\" data-height-tab=\"40\" data-height-tab-portrait=\"\" data-height-mobile-landscape=\"\" style=\"clear:both;display:block;\"><\/div>[\/vc_column][\/vc_row][vc_row full_width=&#8221;stretch_row&#8221; content_placement=&#8221;bottom&#8221; bg_type=&#8221;bg_color&#8221; bg_color_value=&#8221;rgba(255,255,255,0.95)&#8221;][vc_column width=&#8221;1\/6&#8243; css=&#8221;.vc_custom_1554711154878{margin-bottom: 0px !important;padding-bottom: 0px !important;}&#8221;][\/vc_column][vc_column width=&#8221;2\/3&#8243;][vc_column_text css=&#8221;&#8221;]<\/p>\n<h2>Numero di Registrazione EPR per Amazon<\/h2>\n<p>[\/vc_column_text][vc_column_text css=&#8221;&#8221;]Molti rivenditori online non sono ancora conformi agli obblighi EPR, rischando cos\u00ed di incorrere in sanzioni da parte delle autorit\u00e0 italiane e streniere. Amazon ha annunciato che, a partire dal 2022, bloccher\u00e0 i venditori in Italia, Germania e Francia che non sono conformi al EPR. Per dimostrare la conformit\u00e0, Amazon richiede il Numero di Registrazione EPR.<\/p>\n<p>Se acquisti prodotti da un grossista, questi deve aver in teoria gi\u00e0 completato la registrazione. Puoi quindi fornire il Numero di Registrazione EPR del tuo fornitore per dimostrare la conformit\u00e0. Se il tuo fornitore non ti ha fornito il numero, dovrai registrare il prodotto tu stesso.[\/vc_column_text][\/vc_column][vc_column width=&#8221;1\/6&#8243;][\/vc_column][\/vc_row][vc_row bg_type=&#8221;bg_color&#8221; bg_color_value=&#8221;rgba(255,255,255,0.95)&#8221;][vc_column width=&#8221;1\/6&#8243; css=&#8221;.vc_custom_1554711154878{margin-bottom: 0px !important;padding-bottom: 0px !important;}&#8221;][\/vc_column][vc_column width=&#8221;2\/3&#8243;][vc_column_text css=&#8221;&#8221;]<\/p>\n<h2>Devo ri-registrare il mio prodotto?<\/h2>\n<p>[\/vc_column_text][vc_column_text css=&#8221;&#8221;]Se hai gi\u00e0 venduto prodotti in Italia o all&#8217;estero, probabilmente hai gi\u00e0 un Numero di Registrazione EPR per ogni categoria di prodotto:<\/p>\n<ul>\n<li><strong>Apparecchiature elettriche ed elettroniche (EEE):<\/strong> Numero di registrazione WEEE.<\/li>\n<li><strong>Batterie e accumulatori:<\/strong> Numero di registrazione specifico per le batterie.<\/li>\n<li><strong>Imballaggi:<\/strong> Registrazione tramite il sistema tedesco LUCID gestito dall&#8217;Autorit\u00e0 Centrale di Registrazione Imballaggi o il consorzio italiano per gli imallaggi CONAI.<\/li>\n<\/ul>\n<p>Molte piattaforme come Amazon ed eBay richiedono il Numero di Registrazione EPR. Con il nostro supporto, puoi registrare rapidamente i tuoi prodotti in Italia e all&#8217;estero e accedere a ogni marketplace.[\/vc_column_text][\/vc_column][vc_column width=&#8221;1\/6&#8243;][\/vc_column][\/vc_row][vc_row bg_type=&#8221;bg_color&#8221; bg_color_value=&#8221;rgba(255,255,255,0.95)&#8221;][vc_column width=&#8221;1\/2&#8243; css=&#8221;.vc_custom_1554711154878{margin-bottom: 0px !important;padding-bottom: 0px !important;}&#8221;][vc_single_image image=&#8221;17600&#8243; img_size=&#8221;large&#8221;][\/vc_column][vc_column width=&#8221;1\/2&#8243;][vc_column_text css=&#8221;&#8221;]<\/p>\n<h2>Perch\u00e9 scegliere noi?<\/h2>\n<p>[\/vc_column_text]<div class=\"standard-arrow list-divider bullet-top\"><ul>\n<li><strong>Registrazione veloce e senza problemi:<\/strong> Ci occupiamo di tutto, dalla registrazione EPR alla gestione dei rifiuti.<\/li>\n<li><strong>Esperti in normative internazionali:<\/strong> Siamo aggiornati su tutte le regolamentazioni in Germania, Italie e gli altri Paesi.<\/li>\n<li><strong>Supporto completo:<\/strong> Ti assistiamo in ogni fase del processo, dalla registrazione alla conformit\u00e0 ambientale.<\/li>\n<li><strong>Flessibilit\u00e0 internazionale:<\/strong> Indipendentemente da dove si trova la tua azienda, otteniamo le autorizzazioni necessarie per te in ogni Paese.<\/li>\n<\/ul>\n<\/div>[\/vc_column][\/vc_row][vc_row full_width=&#8221;stretch_row&#8221; content_placement=&#8221;bottom&#8221; bg_type=&#8221;bg_color&#8221; bg_color_value=&#8221;rgba(255,255,255,0.95)&#8221;][vc_column css=&#8221;.vc_custom_1554711154878{margin-bottom: 0px !important;padding-bottom: 0px !important;}&#8221;]<div class=\"ult-spacer spacer-69d18ffac0e53\" data-id=\"69d18ffac0e53\" data-height=\"40\" data-height-mobile=\"40\" data-height-tab=\"40\" data-height-tab-portrait=\"\" data-height-mobile-landscape=\"\" style=\"clear:both;display:block;\"><\/div>[\/vc_column][\/vc_row][vc_row full_width=&#8221;stretch_row&#8221; content_placement=&#8221;bottom&#8221; bg_type=&#8221;bg_color&#8221; bg_color_value=&#8221;rgba(255,255,255,0.95)&#8221;][vc_column width=&#8221;1\/4&#8243; css=&#8221;.vc_custom_1554711154878{margin-bottom: 0px !important;padding-bottom: 0px !important;}&#8221;][\/vc_column][vc_column width=&#8221;1\/2&#8243;][vc_column_text css=&#8221;&#8221;]<\/p>\n<h2 style=\"text-align: center;\">Non rischiare sanzioni!<\/h2>\n<p>[\/vc_column_text][vc_column_text css=&#8221;&#8221;]La mancata registrazione EPR pu\u00f2 portare a sanzioni e blocchi su piattaforme come Amazon. Contatta il nostro team di esperti per registrare il tuo prodotto e garantire la conformit\u00e0 alle normative.[\/vc_column_text][vc_column_text css=&#8221;&#8221;]<strong>Richiedi la tua registrazione EPR<\/strong> o <strong>chiedi una consulenza gratuita<\/strong> per capire come possiamo aiutarti a rispettare tutte le normative ambientali.[\/vc_column_text][vc_btn title=&#8221;Contattaci ora&#8221; style=&#8221;custom&#8221; custom_background=&#8221;#00baf0&#8243; custom_text=&#8221;#ffffff&#8221; align=&#8221;center&#8221; css=&#8221;&#8221; link=&#8221;url:%23footer&#8221;][\/vc_column][vc_column width=&#8221;1\/4&#8243;][\/vc_column][\/vc_row][vc_row full_width=&#8221;stretch_row&#8221; content_placement=&#8221;bottom&#8221; bg_type=&#8221;bg_color&#8221; bg_color_value=&#8221;rgba(255,255,255,0.95)&#8221;][vc_column css=&#8221;.vc_custom_1554711154878{margin-bottom: 0px !important;padding-bottom: 0px !important;}&#8221;]<div class=\"ult-spacer spacer-69d18ffac0e6b\" data-id=\"69d18ffac0e6b\" data-height=\"40\" data-height-mobile=\"40\" data-height-tab=\"40\" data-height-tab-portrait=\"\" data-height-mobile-landscape=\"\" style=\"clear:both;display:block;\"><\/div>[\/vc_column][\/vc_row][vc_row full_width=&#8221;stretch_row&#8221; content_placement=&#8221;bottom&#8221; bg_type=&#8221;bg_color&#8221; bg_color_value=&#8221;rgba(255,255,255,0.95)&#8221;][vc_column width=&#8221;1\/6&#8243; css=&#8221;.vc_custom_1554711154878{margin-bottom: 0px !important;padding-bottom: 0px !important;}&#8221;][\/vc_column][vc_column width=&#8221;2\/3&#8243;][vc_column_text]<\/p>\n<h2 style=\"text-align: center;\">Domande frequenti sul Numero di Registrazione EPR<\/h2>\n<p>[\/vc_column_text][vc_column_text css=&#8221;&#8221;]Di seguito troverai risposte e chiarimenti alle domande frequenti sul Numero di Registrazione EPR. Se hai ancora domande, non esitare a contattarci direttamente.[\/vc_column_text][vc_accordion active_tab=&#8221;&#8221; collapsible=&#8221;yes&#8221; title_size=&#8221;h3&#8243; style=&#8221;3&#8243;][vc_accordion_tab title=&#8221;Cosa rappresenta il Numero di Registrazione EPR?&#8221;][vc_column_text css=&#8221;&#8221;]Il Numero di Registrazione EPR \u00e8 un codice di identificazione specifico e unico che le aziende ricevono quando registrano i loro prodotti sulla base al delle le leggi sulla responsabilit\u00e0 estesa del produttore. Questo numero serve come prova che l&#8217;azienda ha intrapreso tutte le misure necessarie per garantire lo smaltimento o il riciclaggio corretto dei propri prodotti al termine del loro ciclo di vita. \u00c8 un requisito essenziale per le aziende per adempiere ai propri obblighi ambientali.[\/vc_column_text][\/vc_accordion_tab][vc_accordion_tab title=&#8221;Cosa significa l&#8217;abbreviazione &#8220;EPR&#8220; nel Numero di Registrazione EPR?&#8221;][vc_column_text css=&#8221;&#8221;]&#8221;EPR&#8221; sta per &#8220;Extended Producer Responsibility&#8221;, che si traduce in &#8220;Responsabilit\u00e0 Estesa del Produttore&#8221; in italiano. Questo concetto trasferisce la responsabilit\u00e0 dello smaltimento e del riciclaggio dei prodotti dal consumatore al produttore. L&#8217;obiettivo \u00e8 quello di favorire la produzione di prodotti pi\u00f9 ecologici nelle aziende e garantire uno smaltimento corretto.[\/vc_column_text][\/vc_accordion_tab][vc_accordion_tab title=&#8221;Perch\u00e9 il Numero di Registrazione EPR \u00e8 rilevante per le aziende?&#8221;][vc_column_text css=&#8221;&#8221;]Il Numero di Registrazione EPR non \u00e8 solo un obbligo legale ma anche un segno di imprenditorialit\u00e0 responsabile. Fa s\u00ed che le aziende adempiano alle proprie responsabilit\u00e0 ambientali. L&#8217;assenza di un Numero di Registrazione EPR valido pu\u00f2 comportare sanzioni, questioni legali e danneggiare potenzialmente la reputazione di un&#8217;azienda.[\/vc_column_text][\/vc_accordion_tab][vc_accordion_tab title=&#8221;Come posso trovare o verificare il mio Numero di Registrazione EPR?&#8221;][vc_column_text css=&#8221;&#8221;]Se hai gi\u00e0 un Numero di Registrazione EPR, questo deve essere annotato su documenti ufficiali o lettere di conferma dall&#8217;autorit\u00e0 competente. In alternativa, puoi visitare il sito web dell&#8217;autorit\u00e0 regolatrice del sistema competente. Spesso ci sono funzioni di ricerca o database dove \u00e8 possibile verificare i Numeri di Registrazione EPR. In caso di incertezze, contatta un partner competente come Deutsche Recycling GmbH.[\/vc_column_text][\/vc_accordion_tab][vc_accordion_tab title=&#8221;Quali costi sono associati a un numero di registrazione EPR?&#8221;][vc_column_text]I costi associati al numero di registrazione EPR possono variare a seconda della regione, del tipo di prodotto e delle dimensioni dell&#8217;azienda. I costi possono includere una tassa di registrazione una tantum, tariffe amministrative annuali e contributi per il riciclaggio o lo smaltimento. \u00c8 importante contattare l&#8217;autorit\u00e0 competente per informarsi sulle strutture di costo esatte e sulle eventuali tariffe.[\/vc_column_text][\/vc_accordion_tab][vc_accordion_tab title=&#8221;Per quali categorie o tipi di prodotto ho bisogno di un numero di registrazione EPR?&#8221;][vc_column_text css=&#8221;&#8221;]Un numero di registrazione EPR \u00e8 richiesto per categorie di prodotti che hanno impatti ambientali specifici. Le categorie comuni prevedono apparecchiature elettriche ed elettroniche, batterie e imballaggi. I requisiti esatti variano a seconda del Paese o della regione in cui i prodotti sono destinati a essere distribuiti.[\/vc_column_text][\/vc_accordion_tab][\/vc_accordion][\/vc_column][vc_column width=&#8221;1\/6&#8243;][\/vc_column][\/vc_row]<\/p>\n<\/div>","protected":false},"excerpt":{"rendered":"<p>[vc_row full_width=&#8221;stretch_row&#8221; content_placement=&#8221;bottom&#8221; bg_type=&#8221;bg_color&#8221; bg_color_value=&#8221;rgba(255,255,255,0.95)&#8221;][vc_column css=&#8221;.vc_custom_1554711154878{margin-bottom: 0px !important;padding-bottom: 0px !important;}&#8221;][vc_column_text css=&#8221;&#8221;]torna alla homepage[\/vc_column_text][\/vc_column][\/vc_row][vc_row bg_type=&#8221;bg_color&#8221; bg_color_value=&#8221;rgba(255,255,255,0.95)&#8221;][vc_column width=&#8221;1\/2&#8243;][vc_column_text css=&#8221;&#8221;] Richiedi la registrazione EPR [\/vc_column_text][vc_column_text css=&#8221;&#8221;]Conformit\u00e0 ambientale per il tuo business, senza pensieri. Identifichiamo i prodotti che richiedono la registrazione EPR in diverse categorie. Ci occupiamo di tutte le autorizzazioni necessarie, ovunque si trovi la tua azienda, garantendo&hellip;<\/p>\n","protected":false},"author":10,"featured_media":0,"parent":0,"menu_order":1,"comment_status":"closed","ping_status":"closed","template":"","meta":{"_acf_changed":false,"content-type":"","footnotes":""},"class_list":["post-18180","page","type-page","status-publish","hentry","description-off"],"acf":[],"yoast_head":"<!-- This site is optimized with the Yoast SEO plugin v27.3 - https:\/\/yoast.com\/product\/yoast-seo-wordpress\/ -->\n<title>Responsabilit\u00e0 Estesa del Produttore (EPR) - Cosa Devi Sapere<\/title>\n<meta name=\"description\" content=\"Hai bisogno di un numero EPR per i tuoi prodotti? Forniamo informazioni su ci\u00f2 che devi sapere su questo argomento!\" \/>\n<meta name=\"robots\" content=\"index, follow, max-snippet:-1, max-image-preview:large, max-video-preview:-1\" \/>\n<link rel=\"canonical\" href=\"https:\/\/deutsche-recycling.com\/it\/numero-di-registrazione-epr\/\" \/>\n<meta property=\"og:locale\" content=\"it_IT\" \/>\n<meta property=\"og:type\" content=\"article\" \/>\n<meta property=\"og:title\" content=\"Responsabilit\u00e0 Estesa del Produttore (EPR) - Cosa Devi Sapere\" \/>\n<meta property=\"og:description\" content=\"Hai bisogno di un numero EPR per i tuoi prodotti? Forniamo informazioni su ci\u00f2 che devi sapere su questo argomento!\" \/>\n<meta property=\"og:url\" content=\"https:\/\/deutsche-recycling.com\/it\/numero-di-registrazione-epr\/\" \/>\n<meta property=\"og:site_name\" content=\"Deutsche Recycling Service GmbH\" \/>\n<meta property=\"article:modified_time\" content=\"2024-12-19T12:51:40+00:00\" \/>\n<meta name=\"twitter:card\" content=\"summary_large_image\" \/>\n<meta name=\"twitter:label1\" content=\"Tempo di lettura stimato\" \/>\n\t<meta name=\"twitter:data1\" content=\"7 minuti\" \/>\n<script type=\"application\/ld+json\" class=\"yoast-schema-graph\">{\"@context\":\"https:\\\/\\\/schema.org\",\"@graph\":[{\"@type\":\"WebPage\",\"@id\":\"https:\\\/\\\/deutsche-recycling.com\\\/it\\\/numero-di-registrazione-epr\\\/\",\"url\":\"https:\\\/\\\/deutsche-recycling.com\\\/it\\\/numero-di-registrazione-epr\\\/\",\"name\":\"Responsabilit\u00e0 Estesa del Produttore (EPR) - Cosa Devi Sapere\",\"isPartOf\":{\"@id\":\"https:\\\/\\\/deutsche-recycling.com\\\/#website\"},\"datePublished\":\"2024-12-17T10:50:58+00:00\",\"dateModified\":\"2024-12-19T12:51:40+00:00\",\"description\":\"Hai bisogno di un numero EPR per i tuoi prodotti? Forniamo informazioni su ci\u00f2 che devi sapere su questo argomento!\",\"breadcrumb\":{\"@id\":\"https:\\\/\\\/deutsche-recycling.com\\\/it\\\/numero-di-registrazione-epr\\\/#breadcrumb\"},\"inLanguage\":\"it-IT\",\"potentialAction\":[{\"@type\":\"ReadAction\",\"target\":[\"https:\\\/\\\/deutsche-recycling.com\\\/it\\\/numero-di-registrazione-epr\\\/\"]}]},{\"@type\":\"BreadcrumbList\",\"@id\":\"https:\\\/\\\/deutsche-recycling.com\\\/it\\\/numero-di-registrazione-epr\\\/#breadcrumb\",\"itemListElement\":[{\"@type\":\"ListItem\",\"position\":1,\"name\":\"Startseite\",\"item\":\"https:\\\/\\\/deutsche-recycling.com\\\/\"},{\"@type\":\"ListItem\",\"position\":2,\"name\":\"Numero di registrazione EPR\"}]},{\"@type\":\"WebSite\",\"@id\":\"https:\\\/\\\/deutsche-recycling.com\\\/#website\",\"url\":\"https:\\\/\\\/deutsche-recycling.com\\\/\",\"name\":\"Deutsche Recycling Service GmbH\",\"description\":\"Imagine one solution. Worldwide.\",\"publisher\":{\"@id\":\"https:\\\/\\\/deutsche-recycling.com\\\/#organization\"},\"potentialAction\":[{\"@type\":\"SearchAction\",\"target\":{\"@type\":\"EntryPoint\",\"urlTemplate\":\"https:\\\/\\\/deutsche-recycling.com\\\/?s={search_term_string}\"},\"query-input\":{\"@type\":\"PropertyValueSpecification\",\"valueRequired\":true,\"valueName\":\"search_term_string\"}}],\"inLanguage\":\"it-IT\"},{\"@type\":\"Organization\",\"@id\":\"https:\\\/\\\/deutsche-recycling.com\\\/#organization\",\"name\":\"DR Deutsche Recycling Service GmbH\",\"url\":\"https:\\\/\\\/deutsche-recycling.com\\\/\",\"logo\":{\"@type\":\"ImageObject\",\"inLanguage\":\"it-IT\",\"@id\":\"https:\\\/\\\/deutsche-recycling.com\\\/#\\\/schema\\\/logo\\\/image\\\/\",\"url\":\"https:\\\/\\\/deutsche-recycling.com\\\/wp-content\\\/uploads\\\/2017\\\/10\\\/logo_deutsche-recycling_1x.png\",\"contentUrl\":\"https:\\\/\\\/deutsche-recycling.com\\\/wp-content\\\/uploads\\\/2017\\\/10\\\/logo_deutsche-recycling_1x.png\",\"width\":283,\"height\":92,\"caption\":\"DR Deutsche Recycling Service GmbH\"},\"image\":{\"@id\":\"https:\\\/\\\/deutsche-recycling.com\\\/#\\\/schema\\\/logo\\\/image\\\/\"}}]}<\/script>\n<!-- \/ Yoast SEO plugin. -->","yoast_head_json":{"title":"Responsabilit\u00e0 Estesa del Produttore (EPR) - Cosa Devi Sapere","description":"Hai bisogno di un numero EPR per i tuoi prodotti? Forniamo informazioni su ci\u00f2 che devi sapere su questo argomento!","robots":{"index":"index","follow":"follow","max-snippet":"max-snippet:-1","max-image-preview":"max-image-preview:large","max-video-preview":"max-video-preview:-1"},"canonical":"https:\/\/deutsche-recycling.com\/it\/numero-di-registrazione-epr\/","og_locale":"it_IT","og_type":"article","og_title":"Responsabilit\u00e0 Estesa del Produttore (EPR) - Cosa Devi Sapere","og_description":"Hai bisogno di un numero EPR per i tuoi prodotti? Forniamo informazioni su ci\u00f2 che devi sapere su questo argomento!","og_url":"https:\/\/deutsche-recycling.com\/it\/numero-di-registrazione-epr\/","og_site_name":"Deutsche Recycling Service GmbH","article_modified_time":"2024-12-19T12:51:40+00:00","twitter_card":"summary_large_image","twitter_misc":{"Tempo di lettura stimato":"7 minuti"},"schema":{"@context":"https:\/\/schema.org","@graph":[{"@type":"WebPage","@id":"https:\/\/deutsche-recycling.com\/it\/numero-di-registrazione-epr\/","url":"https:\/\/deutsche-recycling.com\/it\/numero-di-registrazione-epr\/","name":"Responsabilit\u00e0 Estesa del Produttore (EPR) - Cosa Devi Sapere","isPartOf":{"@id":"https:\/\/deutsche-recycling.com\/#website"},"datePublished":"2024-12-17T10:50:58+00:00","dateModified":"2024-12-19T12:51:40+00:00","description":"Hai bisogno di un numero EPR per i tuoi prodotti? Forniamo informazioni su ci\u00f2 che devi sapere su questo argomento!","breadcrumb":{"@id":"https:\/\/deutsche-recycling.com\/it\/numero-di-registrazione-epr\/#breadcrumb"},"inLanguage":"it-IT","potentialAction":[{"@type":"ReadAction","target":["https:\/\/deutsche-recycling.com\/it\/numero-di-registrazione-epr\/"]}]},{"@type":"BreadcrumbList","@id":"https:\/\/deutsche-recycling.com\/it\/numero-di-registrazione-epr\/#breadcrumb","itemListElement":[{"@type":"ListItem","position":1,"name":"Startseite","item":"https:\/\/deutsche-recycling.com\/"},{"@type":"ListItem","position":2,"name":"Numero di registrazione EPR"}]},{"@type":"WebSite","@id":"https:\/\/deutsche-recycling.com\/#website","url":"https:\/\/deutsche-recycling.com\/","name":"Deutsche Recycling Service GmbH","description":"Imagine one solution. Worldwide.","publisher":{"@id":"https:\/\/deutsche-recycling.com\/#organization"},"potentialAction":[{"@type":"SearchAction","target":{"@type":"EntryPoint","urlTemplate":"https:\/\/deutsche-recycling.com\/?s={search_term_string}"},"query-input":{"@type":"PropertyValueSpecification","valueRequired":true,"valueName":"search_term_string"}}],"inLanguage":"it-IT"},{"@type":"Organization","@id":"https:\/\/deutsche-recycling.com\/#organization","name":"DR Deutsche Recycling Service GmbH","url":"https:\/\/deutsche-recycling.com\/","logo":{"@type":"ImageObject","inLanguage":"it-IT","@id":"https:\/\/deutsche-recycling.com\/#\/schema\/logo\/image\/","url":"https:\/\/deutsche-recycling.com\/wp-content\/uploads\/2017\/10\/logo_deutsche-recycling_1x.png","contentUrl":"https:\/\/deutsche-recycling.com\/wp-content\/uploads\/2017\/10\/logo_deutsche-recycling_1x.png","width":283,"height":92,"caption":"DR Deutsche Recycling Service GmbH"},"image":{"@id":"https:\/\/deutsche-recycling.com\/#\/schema\/logo\/image\/"}}]}},"_links":{"self":[{"href":"https:\/\/deutsche-recycling.com\/it\/wp-json\/wp\/v2\/pages\/18180","targetHints":{"allow":["GET"]}}],"collection":[{"href":"https:\/\/deutsche-recycling.com\/it\/wp-json\/wp\/v2\/pages"}],"about":[{"href":"https:\/\/deutsche-recycling.com\/it\/wp-json\/wp\/v2\/types\/page"}],"author":[{"embeddable":true,"href":"https:\/\/deutsche-recycling.com\/it\/wp-json\/wp\/v2\/users\/10"}],"replies":[{"embeddable":true,"href":"https:\/\/deutsche-recycling.com\/it\/wp-json\/wp\/v2\/comments?post=18180"}],"version-history":[{"count":7,"href":"https:\/\/deutsche-recycling.com\/it\/wp-json\/wp\/v2\/pages\/18180\/revisions"}],"predecessor-version":[{"id":18210,"href":"https:\/\/deutsche-recycling.com\/it\/wp-json\/wp\/v2\/pages\/18180\/revisions\/18210"}],"wp:attachment":[{"href":"https:\/\/deutsche-recycling.com\/it\/wp-json\/wp\/v2\/media?parent=18180"}],"curies":[{"name":"wp","href":"https:\/\/api.w.org\/{rel}","templated":true}]}}